{"id":2151,"date":"2026-01-11T16:11:50","date_gmt":"2026-01-11T08:11:50","guid":{"rendered":"https:\/\/wolisourcing.com\/?page_id=2151"},"modified":"2026-01-11T16:12:52","modified_gmt":"2026-01-11T08:12:52","slug":"sitemap","status":"publish","type":"page","link":"https:\/\/wolisourcing.com\/es\/sitemap\/","title":{"rendered":"sitemap"},"content":{"rendered":"<div class=\"rank-math-html-sitemap\"><div class=\"rank-math-html-sitemap__section rank-math-html-sitemap__section--post-type rank-math-html-sitemap__section--post\"><h2 class=\"rank-math-html-sitemap__title\">Entradas<\/h2><ul class=\"rank-math-html-sitemap__list\"><li class=\"rank-math-html-sitemap__item\"><a href=\"https:\/\/wolisourcing.com\/es\/product-sourcing-agent-guide\/\" class=\"rank-math-html-sitemap__link\">Agente de aprovisionamiento de productos: 7 poderosas ventajas que no puede ignorar<\/a> <span class=\"rank-math-html-sitemap__date\">(2026\u5e741\u670818\u65e5)<\/span><\/li><li class=\"rank-math-html-sitemap__item\"><a href=\"https:\/\/wolisourcing.com\/es\/chinese-commercial-hotel-trolley-factory\/\" class=\"rank-math-html-sitemap__link\">F\u00e1brica china de carros comerciales para hoteles: Gu\u00eda completa del comprador<\/a> <span class=\"rank-math-html-sitemap__date\">(2025\u5e7412\u670826\u65e5)<\/span><\/li><li class=\"rank-math-html-sitemap__item\"><a href=\"https:\/\/wolisourcing.com\/es\/buy-wholesale-from-china\/\" class=\"rank-math-html-sitemap__link\">Comprar al por mayor desde China: Gu\u00eda pr\u00e1ctica completa<\/a> <span class=\"rank-math-html-sitemap__date\">(2025\u5e7412\u670824\u65e5)<\/span><\/li><li class=\"rank-math-html-sitemap__item\"><a href=\"https:\/\/wolisourcing.com\/es\/chinese-shoe-size-to-us\/\" class=\"rank-math-html-sitemap__link\">Calzado chino a EE.UU.: La explicaci\u00f3n sencilla<\/a> <span class=\"rank-math-html-sitemap__date\">(2025\u5e7412\u670824\u65e5)<\/span><\/li><li class=\"rank-math-html-sitemap__item\"><a href=\"https:\/\/wolisourcing.com\/es\/low-cost-country-sourcing-risks\/\" class=\"rank-math-html-sitemap__link\">Riesgos del abastecimiento en pa\u00edses de bajo coste: Por qu\u00e9 lo barato puede salir caro<\/a> <span class=\"rank-math-html-sitemap__date\">(2025\u5e7412\u670823\u65e5)<\/span><\/li><li class=\"rank-math-html-sitemap__item\"><a href=\"https:\/\/wolisourcing.com\/es\/product-sourcing-agent\/\" class=\"rank-math-html-sitemap__link\">Agente de aprovisionamiento de productos: Qu\u00e9 hacen y por qu\u00e9 son importantes<\/a> <span class=\"rank-math-html-sitemap__date\">(2025\u5e7412\u670823\u65e5)<\/span><\/li><li class=\"rank-math-html-sitemap__item\"><a href=\"https:\/\/wolisourcing.com\/es\/sourcing-agent-in-china-2\/\" class=\"rank-math-html-sitemap__link\">Agente de compras en China: La forma inteligente de comprar Made in China<\/a> <span class=\"rank-math-html-sitemap__date\">(2025\u5e7412\u670823\u65e5)<\/span><\/li><li class=\"rank-math-html-sitemap__item\"><a href=\"https:\/\/wolisourcing.com\/es\/sourcing-agent-in-china\/\" class=\"rank-math-html-sitemap__link\">Agente de compras en China: Qu\u00e9 hacen y por qu\u00e9 necesita uno<\/a> <span class=\"rank-math-html-sitemap__date\">(2025\u5e7412\u670822\u65e5)<\/span><\/li><li class=\"rank-math-html-sitemap__item\"><a href=\"https:\/\/wolisourcing.com\/es\/procurement-process-improvement\/\" class=\"rank-math-html-sitemap__link\">Mejora de los procesos de adquisici\u00f3n: Por qu\u00e9 es m\u00e1s importante que nunca<\/a> <span class=\"rank-math-html-sitemap__date\">(2025\u5e7412\u670821\u65e5)<\/span><\/li><li class=\"rank-math-html-sitemap__item\"><a href=\"https:\/\/wolisourcing.com\/es\/sourcing-products-from-china\/\" class=\"rank-math-html-sitemap__link\">Comprar productos en China: Gu\u00eda completa de principiante a profesional<\/a> <span class=\"rank-math-html-sitemap__date\">(2025\u5e7412\u670821\u65e5)<\/span><\/li><li class=\"rank-math-html-sitemap__item\"><a href=\"https:\/\/wolisourcing.com\/es\/yiwu-general-warehouse-guide\/\" class=\"rank-math-html-sitemap__link\">Almac\u00e9n General de Yiwu: La Gu\u00eda Completa para Compradores Mundiales<\/a> <span class=\"rank-math-html-sitemap__date\">(2025\u5e7412\u670818\u65e5)<\/span><\/li><li class=\"rank-math-html-sitemap__item\"><a href=\"https:\/\/wolisourcing.com\/es\/certificate-of-conformity-for-b2b-clients\/\" class=\"rank-math-html-sitemap__link\">Certificado de conformidad para clientes B2B: Explicaci\u00f3n de la conformidad a nivel empresarial<\/a> <span class=\"rank-math-html-sitemap__date\">(2025\u5e7412\u670814\u65e5)<\/span><\/li><li class=\"rank-math-html-sitemap__item\"><a href=\"https:\/\/wolisourcing.com\/es\/china-sourcing-agent-benefits\/\" class=\"rank-math-html-sitemap__link\">Agente de compras en China: 7 poderosas razones por las que necesita uno<\/a> <span class=\"rank-math-html-sitemap__date\">(2025\u5e7412\u67088\u65e5)<\/span><\/li><li class=\"rank-math-html-sitemap__item\"><a href=\"https:\/\/wolisourcing.com\/es\/china-trade-deal-procurement-advantages\/\" class=\"rank-math-html-sitemap__link\">Acuerdo comercial con China: 5 ventajas clave para la contrataci\u00f3n tras el acuerdo entre EE.UU. y China<\/a> <span class=\"rank-math-html-sitemap__date\">(2025\u5e7412\u67087\u65e5)<\/span><\/li><li class=\"rank-math-html-sitemap__item\"><a href=\"https:\/\/wolisourcing.com\/es\/https-wolisourcing-com-china-wholesalers\/\" class=\"rank-math-html-sitemap__link\">\u00bfQu\u00e9 son los mayoristas chinos?<\/a> <span class=\"rank-math-html-sitemap__date\">(2025\u5e7412\u67085\u65e5)<\/span><\/li><li class=\"rank-math-html-sitemap__item\"><a href=\"https:\/\/wolisourcing.com\/es\/why-is-everything-made-in-china\/\" class=\"rank-math-html-sitemap__link\">\u00bfPor qu\u00e9 todo se fabrica en China? \u00bfPor qu\u00e9 todo se fabrica en China?<\/a> <span class=\"rank-math-html-sitemap__date\">(2025\u5e7412\u67082\u65e5)<\/span><\/li><li class=\"rank-math-html-sitemap__item\"><a href=\"https:\/\/wolisourcing.com\/es\/https-wolisourcing-com-yiwu-futian-market-guide-2025\/\" class=\"rank-math-html-sitemap__link\">Mercado de Yiwu Futian: Gu\u00eda para compradores, importadores y empresarios en 2025<\/a> <span class=\"rank-math-html-sitemap__date\">(2025\u5e7411\u670827\u65e5)<\/span><\/li><li class=\"rank-math-html-sitemap__item\"><a href=\"https:\/\/wolisourcing.com\/es\/sourcing-agent-guide\/\" class=\"rank-math-html-sitemap__link\">C\u00f3mo elegir al mejor agente de compras en China en 2025 (honorarios, proceso, riesgos)<\/a> <span class=\"rank-math-html-sitemap__date\">(2025\u5e7411\u670826\u65e5)<\/span><\/li><li class=\"rank-math-html-sitemap__item\"><a href=\"https:\/\/wolisourcing.com\/es\/1688-vs-alibaba-sourcing-from-china\/\" class=\"rank-math-html-sitemap__link\">1688 vs Alibaba: \u00bfQu\u00e9 plataforma es mejor para abastecerse en China?<\/a> <span class=\"rank-math-html-sitemap__date\">(2025\u5e748\u670811\u65e5)<\/span><\/li><li class=\"rank-math-html-sitemap__item\"><a href=\"https:\/\/wolisourcing.com\/es\/import-products-from-china-beginners-guide\/\" class=\"rank-math-html-sitemap__link\">C\u00f3mo importar productos de China: Gu\u00eda completa para principiantes<\/a> <span class=\"rank-math-html-sitemap__date\">(2025\u5e748\u670810\u65e5)<\/span><\/li><li class=\"rank-math-html-sitemap__item\"><a href=\"https:\/\/wolisourcing.com\/es\/import-from-china-documents-certificates\/\" class=\"rank-math-html-sitemap__link\">Importar de China: 7 documentos esenciales que debe tener<\/a> <span class=\"rank-math-html-sitemap__date\">(2025\u5e748\u67089\u65e5)<\/span><\/li><li class=\"rank-math-html-sitemap__item\"><a href=\"https:\/\/wolisourcing.com\/es\/shipping-methods-china-imports\/\" class=\"rank-math-html-sitemap__link\">M\u00e9todos de env\u00edo para importaciones a China: Las 3 mejores opciones<\/a> <span class=\"rank-math-html-sitemap__date\">(2025\u5e748\u67088\u65e5)<\/span><\/li><li class=\"rank-math-html-sitemap__item\"><a href=\"https:\/\/wolisourcing.com\/es\/calculate-import-duties-taxes-china\/\" class=\"rank-math-html-sitemap__link\">Calcular los derechos de importaci\u00f3n de China: Gu\u00eda 2025<\/a> <span class=\"rank-math-html-sitemap__date\">(2025\u5e748\u67087\u65e5)<\/span><\/li><li class=\"rank-math-html-sitemap__item\"><a href=\"https:\/\/wolisourcing.com\/es\/reliable-suppliers-china-alibaba-1688-yiwu\/\" class=\"rank-math-html-sitemap__link\">C\u00f3mo encontrar proveedores fiables en China (Alibaba vs. 1688 vs. Mercado de Yiwu)<\/a> <span class=\"rank-math-html-sitemap__date\">(2025\u5e748\u67086\u65e5)<\/span><\/li><li class=\"rank-math-html-sitemap__item\"><a href=\"https:\/\/wolisourcing.com\/es\/china-import-mistakes-to-avoid\/\" class=\"rank-math-html-sitemap__link\">Los 10 errores m\u00e1s comunes al importar a China<\/a> <span class=\"rank-math-html-sitemap__date\">(2025\u5e748\u67085\u65e5)<\/span><\/li><li class=\"rank-math-html-sitemap__item\"><a href=\"https:\/\/wolisourcing.com\/es\/small-wholesale-vs-bulk-purchasing-china\/\" class=\"rank-math-html-sitemap__link\">Peque\u00f1as compras al por mayor frente a compras al por mayor en China: 7 diferencias clave<\/a> <span class=\"rank-math-html-sitemap__date\">(2025\u5e748\u67084\u65e5)<\/span><\/li><li class=\"rank-math-html-sitemap__item\"><a href=\"https:\/\/wolisourcing.com\/es\/china-import-payment-methods\/\" class=\"rank-math-html-sitemap__link\">M\u00e9todos de pago de importaciones de China: 3 opciones seguras explicadas<\/a> <span class=\"rank-math-html-sitemap__date\">(2025\u5e748\u67083\u65e5)<\/span><\/li><li class=\"rank-math-html-sitemap__item\"><a href=\"https:\/\/wolisourcing.com\/es\/importing-from-china-to-the-usa-eu-southeast-asia\/\" class=\"rank-math-html-sitemap__link\">Importar de China a EE.UU.: 11 reglas probadas (y diferencias entre la UE y el Sudeste Asi\u00e1tico)<\/a> <span class=\"rank-math-html-sitemap__date\">(2025\u5e748\u67082\u65e5)<\/span><\/li><li class=\"rank-math-html-sitemap__item\"><a href=\"https:\/\/wolisourcing.com\/es\/trending-products-import-china-2025\/\" class=\"rank-math-html-sitemap__link\">Los 10 productos m\u00e1s importados de China en 2025<\/a> <span class=\"rank-math-html-sitemap__date\">(2025\u5e748\u67081\u65e5)<\/span><\/li><\/ul><\/div><div class=\"rank-math-html-sitemap__section rank-math-html-sitemap__section--post-type rank-math-html-sitemap__section--page\"><h2 class=\"rank-math-html-sitemap__title\">P\u00e1ginas<\/h2><ul class=\"rank-math-html-sitemap__list\"><li class=\"rank-math-html-sitemap__item\"><a href=\"https:\/\/wolisourcing.com\/es\/sitemap\/\" class=\"rank-math-html-sitemap__link\">sitemap<\/a> <span class=\"rank-math-html-sitemap__date\">(2026\u5e741\u670811\u65e5)<\/span><\/li><li class=\"rank-math-html-sitemap__item\"><a href=\"https:\/\/wolisourcing.com\/es\/logstics\/\" class=\"rank-math-html-sitemap__link\">logstics<\/a> <span class=\"rank-math-html-sitemap__date\">(2025\u5e748\u670828\u65e5)<\/span><\/li><li class=\"rank-math-html-sitemap__item\"><a href=\"https:\/\/wolisourcing.com\/es\/product\/\" class=\"rank-math-html-sitemap__link\">Producto<\/a> <span class=\"rank-math-html-sitemap__date\">(2025\u5e748\u670820\u65e5)<\/span><\/li><li class=\"rank-math-html-sitemap__item\"><a href=\"https:\/\/wolisourcing.com\/es\/about-founder\/\" class=\"rank-math-html-sitemap__link\">Acerca del fundador<\/a> <span class=\"rank-math-html-sitemap__date\">(2025\u5e748\u670820\u65e5)<\/span><\/li><li class=\"rank-math-html-sitemap__item\"><a href=\"https:\/\/wolisourcing.com\/es\/payment-information\/\" class=\"rank-math-html-sitemap__link\">Informaci\u00f3n de pago<\/a> <span class=\"rank-math-html-sitemap__date\">(2025\u5e748\u670820\u65e5)<\/span><\/li><li class=\"rank-math-html-sitemap__item\"><a href=\"https:\/\/wolisourcing.com\/es\/extra-service\/\" class=\"rank-math-html-sitemap__link\">Servicio adicional<\/a> <span class=\"rank-math-html-sitemap__date\">(2025\u5e748\u670819\u65e5)<\/span><\/li><li class=\"rank-math-html-sitemap__item\"><a href=\"https:\/\/wolisourcing.com\/es\/photos-designs\/\" class=\"rank-math-html-sitemap__link\">Fotos y dise\u00f1os<\/a> <span class=\"rank-math-html-sitemap__date\">(2025\u5e748\u670819\u65e5)<\/span><\/li><li class=\"rank-math-html-sitemap__item\"><a href=\"https:\/\/wolisourcing.com\/es\/dropshipping-service\/\" class=\"rank-math-html-sitemap__link\">Servicio Dropshipping<\/a> <span class=\"rank-math-html-sitemap__date\">(2025\u5e748\u670819\u65e5)<\/span><\/li><li class=\"rank-math-html-sitemap__item\"><a href=\"https:\/\/wolisourcing.com\/es\/sourcing-services-providers\/\" class=\"rank-math-html-sitemap__link\">Aprovisionamiento y compras<\/a> <span class=\"rank-math-html-sitemap__date\">(2025\u5e748\u670819\u65e5)<\/span><\/li><li class=\"rank-math-html-sitemap__item\"><a href=\"https:\/\/wolisourcing.com\/es\/contact\/\" class=\"rank-math-html-sitemap__link\">P\u00f3ngase en contacto con<\/a> <span class=\"rank-math-html-sitemap__date\">(2025\u5e743\u670820\u65e5)<\/span><\/li><li class=\"rank-math-html-sitemap__item\"><a href=\"https:\/\/wolisourcing.com\/es\/services\/\" class=\"rank-math-html-sitemap__link\">Servicios<\/a> <span class=\"rank-math-html-sitemap__date\">(2025\u5e743\u670820\u65e5)<\/span><\/li><li class=\"rank-math-html-sitemap__item\"><a href=\"https:\/\/wolisourcing.com\/es\/about\/\" class=\"rank-math-html-sitemap__link\">Acerca de<\/a> <span class=\"rank-math-html-sitemap__date\">(2025\u5e743\u670820\u65e5)<\/span><\/li><li class=\"rank-math-html-sitemap__item\"><a href=\"https:\/\/wolisourcing.com\/es\/\" class=\"rank-math-html-sitemap__link\">Inicio<\/a> <span class=\"rank-math-html-sitemap__date\">(2025\u5e743\u670820\u65e5)<\/span><\/li><li class=\"rank-math-html-sitemap__item\"><a href=\"https:\/\/wolisourcing.com\/es\/news\/\" class=\"rank-math-html-sitemap__link\">Noticias<\/a> <span class=\"rank-math-html-sitemap__date\">(2025\u5e743\u67084\u65e5)<\/span><\/li><\/ul><\/div><div class=\"rank-math-html-sitemap__section rank-math-html-sitemap__section--post-type rank-math-html-sitemap__section--ct_content_block\"><h2 class=\"rank-math-html-sitemap__title\">Content Blocks<\/h2><ul class=\"rank-math-html-sitemap__list\"><li class=\"rank-math-html-sitemap__item\"><a href=\"https:\/\/wolisourcing.com\/es\/ct_content_block\/archives-hero-section\/\" class=\"rank-math-html-sitemap__link\">Archives - Hero Section<\/a> <span class=\"rank-math-html-sitemap__date\">(2025\u5e743\u670811\u65e5)<\/span><\/li><li class=\"rank-math-html-sitemap__item\"><a href=\"https:\/\/wolisourcing.com\/es\/ct_content_block\/services-mega-menu\/\" class=\"rank-math-html-sitemap__link\">Services - Mega Menu<\/a> <span class=\"rank-math-html-sitemap__date\">(2025\u5e743\u670811\u65e5)<\/span><\/li><li class=\"rank-math-html-sitemap__item\"><a href=\"https:\/\/wolisourcing.com\/es\/ct_content_block\/off-canvas-menu-content\/\" class=\"rank-math-html-sitemap__link\">Off-canvas Menu Content<\/a> <span class=\"rank-math-html-sitemap__date\">(2025\u5e743\u670810\u65e5)<\/span><\/li><li class=\"rank-math-html-sitemap__item\"><a href=\"https:\/\/wolisourcing.com\/es\/ct_content_block\/footer\/\" class=\"rank-math-html-sitemap__link\">Footer<\/a> <span class=\"rank-math-html-sitemap__date\">(2025\u5e743\u67085\u65e5)<\/span><\/li><\/ul><\/div><div class=\"rank-math-html-sitemap__section rank-math-html-sitemap__section--taxonomy rank-math-html-sitemap__section--category\"><h2 class=\"rank-math-html-sitemap__title\">Categor\u00edas<\/h2><ul class=\"rank-math-html-sitemap__list\"><li class=\"rank-math-html-sitemap__item\"><a href=\"https:\/\/wolisourcing.com\/es\/category\/1688-vs-alibaba\/\" class=\"rank-math-html-sitemap__link\">1688 vs alibaba<\/a><\/li><li class=\"rank-math-html-sitemap__item\"><a href=\"https:\/\/wolisourcing.com\/es\/category\/import-from-china-guide\/\" class=\"rank-math-html-sitemap__link\">Gu\u00eda para importar de China<\/a><\/li><\/ul><\/div><\/div>","protected":false},"excerpt":{"rendered":"","protected":false},"author":1,"featured_media":0,"parent":0,"menu_order":0,"comment_status":"closed","ping_status":"closed","template":"","meta":{"footnotes":""},"class_list":["post-2151","page","type-page","status-publish","hentry"],"blocksy_meta":[],"_links":{"self":[{"href":"https:\/\/wolisourcing.com\/es\/wp-json\/wp\/v2\/pages\/2151","targetHints":{"allow":["GET"]}}],"collection":[{"href":"https:\/\/wolisourcing.com\/es\/wp-json\/wp\/v2\/pages"}],"about":[{"href":"https:\/\/wolisourcing.com\/es\/wp-json\/wp\/v2\/types\/page"}],"author":[{"embeddable":true,"href":"https:\/\/wolisourcing.com\/es\/wp-json\/wp\/v2\/users\/1"}],"replies":[{"embeddable":true,"href":"https:\/\/wolisourcing.com\/es\/wp-json\/wp\/v2\/comments?post=2151"}],"version-history":[{"count":2,"href":"https:\/\/wolisourcing.com\/es\/wp-json\/wp\/v2\/pages\/2151\/revisions"}],"predecessor-version":[{"id":2154,"href":"https:\/\/wolisourcing.com\/es\/wp-json\/wp\/v2\/pages\/2151\/revisions\/2154"}],"wp:attachment":[{"href":"https:\/\/wolisourcing.com\/es\/wp-json\/wp\/v2\/media?parent=2151"}],"curies":[{"name":"wp","href":"https:\/\/api.w.org\/{rel}","templated":true}]}}