{"id":2151,"date":"2026-01-11T16:11:50","date_gmt":"2026-01-11T08:11:50","guid":{"rendered":"https:\/\/wolisourcing.com\/?page_id=2151"},"modified":"2026-01-11T16:12:52","modified_gmt":"2026-01-11T08:12:52","slug":"sitemap","status":"publish","type":"page","link":"https:\/\/wolisourcing.com\/fr\/sitemap\/","title":{"rendered":"plan du site"},"content":{"rendered":"<div class=\"rank-math-html-sitemap\"><div class=\"rank-math-html-sitemap__section rank-math-html-sitemap__section--post-type rank-math-html-sitemap__section--post\"><h2 class=\"rank-math-html-sitemap__title\">Articles<\/h2><ul class=\"rank-math-html-sitemap__list\"><li class=\"rank-math-html-sitemap__item\"><a href=\"https:\/\/wolisourcing.com\/fr\/product-sourcing-agent-guide\/\" class=\"rank-math-html-sitemap__link\">Agent de sourcing de produits : 7 avantages consid\u00e9rables que vous ne pouvez ignorer<\/a> <span class=\"rank-math-html-sitemap__date\">(2026\u5e741\u670818\u65e5)<\/span><\/li><li class=\"rank-math-html-sitemap__item\"><a href=\"https:\/\/wolisourcing.com\/fr\/chinese-commercial-hotel-trolley-factory\/\" class=\"rank-math-html-sitemap__link\">Fabricant chinois de chariots pour h\u00f4tels commerciaux : Guide complet de l'acheteur<\/a> <span class=\"rank-math-html-sitemap__date\">(2025\u5e7412\u670826\u65e5)<\/span><\/li><li class=\"rank-math-html-sitemap__item\"><a href=\"https:\/\/wolisourcing.com\/fr\/buy-wholesale-from-china\/\" class=\"rank-math-html-sitemap__link\">Acheter en gros en Chine : Un guide pratique complet<\/a> <span class=\"rank-math-html-sitemap__date\">(2025\u5e7412\u670824\u65e5)<\/span><\/li><li class=\"rank-math-html-sitemap__item\"><a href=\"https:\/\/wolisourcing.com\/fr\/chinese-shoe-size-to-us\/\" class=\"rank-math-html-sitemap__link\">Correspondance entre la pointure chinoise et la pointure am\u00e9ricaine : L'explication simple<\/a> <span class=\"rank-math-html-sitemap__date\">(2025\u5e7412\u670824\u65e5)<\/span><\/li><li class=\"rank-math-html-sitemap__item\"><a href=\"https:\/\/wolisourcing.com\/fr\/low-cost-country-sourcing-risks\/\" class=\"rank-math-html-sitemap__link\">Risques li\u00e9s \u00e0 l'approvisionnement dans les pays \u00e0 faible co\u00fbt : Pourquoi le bon march\u00e9 peut devenir co\u00fbteux<\/a> <span class=\"rank-math-html-sitemap__date\">(2025\u5e7412\u670823\u65e5)<\/span><\/li><li class=\"rank-math-html-sitemap__item\"><a href=\"https:\/\/wolisourcing.com\/fr\/product-sourcing-agent\/\" class=\"rank-math-html-sitemap__link\">Agent de recherche de produits : Ce qu'ils font et pourquoi ils sont importants<\/a> <span class=\"rank-math-html-sitemap__date\">(2025\u5e7412\u670823\u65e5)<\/span><\/li><li class=\"rank-math-html-sitemap__item\"><a href=\"https:\/\/wolisourcing.com\/fr\/sourcing-agent-in-china-2\/\" class=\"rank-math-html-sitemap__link\">Agent de sourcing en Chine : La mani\u00e8re intelligente d'acheter des produits fabriqu\u00e9s en Chine<\/a> <span class=\"rank-math-html-sitemap__date\">(2025\u5e7412\u670823\u65e5)<\/span><\/li><li class=\"rank-math-html-sitemap__item\"><a href=\"https:\/\/wolisourcing.com\/fr\/sourcing-agent-in-china\/\" class=\"rank-math-html-sitemap__link\">Agent d'approvisionnement en Chine : Ce qu'ils font et pourquoi vous en avez besoin<\/a> <span class=\"rank-math-html-sitemap__date\">(2025\u5e7412\u670822\u65e5)<\/span><\/li><li class=\"rank-math-html-sitemap__item\"><a href=\"https:\/\/wolisourcing.com\/fr\/procurement-process-improvement\/\" class=\"rank-math-html-sitemap__link\">Am\u00e9lioration du processus d'approvisionnement : Pourquoi elle est plus importante que jamais<\/a> <span class=\"rank-math-html-sitemap__date\">(2025\u5e7412\u670821\u65e5)<\/span><\/li><li class=\"rank-math-html-sitemap__item\"><a href=\"https:\/\/wolisourcing.com\/fr\/sourcing-products-from-china\/\" class=\"rank-math-html-sitemap__link\">Acheter des produits en Chine : Le guide complet du d\u00e9butant au professionnel<\/a> <span class=\"rank-math-html-sitemap__date\">(2025\u5e7412\u670821\u65e5)<\/span><\/li><li class=\"rank-math-html-sitemap__item\"><a href=\"https:\/\/wolisourcing.com\/fr\/yiwu-general-warehouse-guide\/\" class=\"rank-math-html-sitemap__link\">Entrep\u00f4t g\u00e9n\u00e9ral de Yiwu : Le guide complet pour les acheteurs mondiaux<\/a> <span class=\"rank-math-html-sitemap__date\">(2025\u5e7412\u670818\u65e5)<\/span><\/li><li class=\"rank-math-html-sitemap__item\"><a href=\"https:\/\/wolisourcing.com\/fr\/certificate-of-conformity-for-b2b-clients\/\" class=\"rank-math-html-sitemap__link\">Certificat de conformit\u00e9 pour les clients B2B : La conformit\u00e9 au niveau de l'entreprise expliqu\u00e9e<\/a> <span class=\"rank-math-html-sitemap__date\">(2025\u5e7412\u670814\u65e5)<\/span><\/li><li class=\"rank-math-html-sitemap__item\"><a href=\"https:\/\/wolisourcing.com\/fr\/china-sourcing-agent-benefits\/\" class=\"rank-math-html-sitemap__link\">Agent de sourcing en Chine : 7 bonnes raisons d'en avoir un<\/a> <span class=\"rank-math-html-sitemap__date\">(2025\u5e7412\u67088\u65e5)<\/span><\/li><li class=\"rank-math-html-sitemap__item\"><a href=\"https:\/\/wolisourcing.com\/fr\/china-trade-deal-procurement-advantages\/\" class=\"rank-math-html-sitemap__link\">Accord commercial avec la Chine : 5 avantages cl\u00e9s pour les march\u00e9s publics apr\u00e8s l'accord entre les \u00c9tats-Unis et la Chine<\/a> <span class=\"rank-math-html-sitemap__date\">(2025\u5e7412\u67087\u65e5)<\/span><\/li><li class=\"rank-math-html-sitemap__item\"><a href=\"https:\/\/wolisourcing.com\/fr\/https-wolisourcing-com-china-wholesalers\/\" class=\"rank-math-html-sitemap__link\">Que sont les grossistes chinois ?<\/a> <span class=\"rank-math-html-sitemap__date\">(2025\u5e7412\u67085\u65e5)<\/span><\/li><li class=\"rank-math-html-sitemap__item\"><a href=\"https:\/\/wolisourcing.com\/fr\/why-is-everything-made-in-china\/\" class=\"rank-math-html-sitemap__link\">Pourquoi tout est-il fabriqu\u00e9 en Chine ? Comprendre l'\u00e9volution de l'industrie manufacturi\u00e8re mondiale<\/a> <span class=\"rank-math-html-sitemap__date\">(2025\u5e7412\u67082\u65e5)<\/span><\/li><li class=\"rank-math-html-sitemap__item\"><a href=\"https:\/\/wolisourcing.com\/fr\/https-wolisourcing-com-yiwu-futian-market-guide-2025\/\" class=\"rank-math-html-sitemap__link\">Le march\u00e9 de Yiwu Futian : Un guide pour les acheteurs, les importateurs et les entrepreneurs en 2025<\/a> <span class=\"rank-math-html-sitemap__date\">(2025\u5e7411\u670827\u65e5)<\/span><\/li><li class=\"rank-math-html-sitemap__item\"><a href=\"https:\/\/wolisourcing.com\/fr\/sourcing-agent-guide\/\" class=\"rank-math-html-sitemap__link\">Comment choisir le meilleur agent de sourcing en Chine en 2025 (frais, processus, risques)<\/a> <span class=\"rank-math-html-sitemap__date\">(2025\u5e7411\u670826\u65e5)<\/span><\/li><li class=\"rank-math-html-sitemap__item\"><a href=\"https:\/\/wolisourcing.com\/fr\/1688-vs-alibaba-sourcing-from-china\/\" class=\"rank-math-html-sitemap__link\">1688 vs Alibaba : Quelle est la meilleure plateforme pour le sourcing en Chine ?<\/a> <span class=\"rank-math-html-sitemap__date\">(2025\u5e748\u670811\u65e5)<\/span><\/li><li class=\"rank-math-html-sitemap__item\"><a href=\"https:\/\/wolisourcing.com\/fr\/import-products-from-china-beginners-guide\/\" class=\"rank-math-html-sitemap__link\">Comment importer des produits de Chine : Un guide complet pour les d\u00e9butants<\/a> <span class=\"rank-math-html-sitemap__date\">(2025\u5e748\u670810\u65e5)<\/span><\/li><li class=\"rank-math-html-sitemap__item\"><a href=\"https:\/\/wolisourcing.com\/fr\/import-from-china-documents-certificates\/\" class=\"rank-math-html-sitemap__link\">Importation de Chine : 7 documents essentiels \u00e0 poss\u00e9der<\/a> <span class=\"rank-math-html-sitemap__date\">(2025\u5e748\u67089\u65e5)<\/span><\/li><li class=\"rank-math-html-sitemap__item\"><a href=\"https:\/\/wolisourcing.com\/fr\/shipping-methods-china-imports\/\" class=\"rank-math-html-sitemap__link\">M\u00e9thodes d'exp\u00e9dition pour les importations en provenance de Chine : 3 meilleures options<\/a> <span class=\"rank-math-html-sitemap__date\">(2025\u5e748\u67088\u65e5)<\/span><\/li><li class=\"rank-math-html-sitemap__item\"><a href=\"https:\/\/wolisourcing.com\/fr\/calculate-import-duties-taxes-china\/\" class=\"rank-math-html-sitemap__link\">Calculer les droits \u00e0 l'importation en provenance de Chine : Guide 2025<\/a> <span class=\"rank-math-html-sitemap__date\">(2025\u5e748\u67087\u65e5)<\/span><\/li><li class=\"rank-math-html-sitemap__item\"><a href=\"https:\/\/wolisourcing.com\/fr\/reliable-suppliers-china-alibaba-1688-yiwu\/\" class=\"rank-math-html-sitemap__link\">Comment trouver des fournisseurs fiables en Chine (Alibaba vs. 1688 vs. Yiwu Market)<\/a> <span class=\"rank-math-html-sitemap__date\">(2025\u5e748\u67086\u65e5)<\/span><\/li><li class=\"rank-math-html-sitemap__item\"><a href=\"https:\/\/wolisourcing.com\/fr\/china-import-mistakes-to-avoid\/\" class=\"rank-math-html-sitemap__link\">Les 10 principales erreurs \u00e0 \u00e9viter pour r\u00e9ussir \u00e0 importer en Chine<\/a> <span class=\"rank-math-html-sitemap__date\">(2025\u5e748\u67085\u65e5)<\/span><\/li><li class=\"rank-math-html-sitemap__item\"><a href=\"https:\/\/wolisourcing.com\/fr\/small-wholesale-vs-bulk-purchasing-china\/\" class=\"rank-math-html-sitemap__link\">Petits achats en gros et achats en masse en Chine : 7 diff\u00e9rences essentielles<\/a> <span class=\"rank-math-html-sitemap__date\">(2025\u5e748\u67084\u65e5)<\/span><\/li><li class=\"rank-math-html-sitemap__item\"><a href=\"https:\/\/wolisourcing.com\/fr\/china-import-payment-methods\/\" class=\"rank-math-html-sitemap__link\">M\u00e9thodes de paiement des importations en provenance de Chine : 3 options s\u00fbres expliqu\u00e9es<\/a> <span class=\"rank-math-html-sitemap__date\">(2025\u5e748\u67083\u65e5)<\/span><\/li><li class=\"rank-math-html-sitemap__item\"><a href=\"https:\/\/wolisourcing.com\/fr\/importing-from-china-to-the-usa-eu-southeast-asia\/\" class=\"rank-math-html-sitemap__link\">Importer de Chine aux \u00c9tats-Unis : 11 r\u00e8gles \u00e9prouv\u00e9es (et les diff\u00e9rences entre l'UE et l'Asie du Sud-Est)<\/a> <span class=\"rank-math-html-sitemap__date\">(2025\u5e748\u67082\u65e5)<\/span><\/li><li class=\"rank-math-html-sitemap__item\"><a href=\"https:\/\/wolisourcing.com\/fr\/trending-products-import-china-2025\/\" class=\"rank-math-html-sitemap__link\">Les 10 produits les plus populaires \u00e0 importer de Chine en 2025<\/a> <span class=\"rank-math-html-sitemap__date\">(2025\u5e748\u67081\u65e5)<\/span><\/li><\/ul><\/div><div class=\"rank-math-html-sitemap__section rank-math-html-sitemap__section--post-type rank-math-html-sitemap__section--page\"><h2 class=\"rank-math-html-sitemap__title\">Pages<\/h2><ul class=\"rank-math-html-sitemap__list\"><li class=\"rank-math-html-sitemap__item\"><a href=\"https:\/\/wolisourcing.com\/fr\/sitemap\/\" class=\"rank-math-html-sitemap__link\">plan du site<\/a> <span class=\"rank-math-html-sitemap__date\">(2026\u5e741\u670811\u65e5)<\/span><\/li><li class=\"rank-math-html-sitemap__item\"><a href=\"https:\/\/wolisourcing.com\/fr\/logstics\/\" class=\"rank-math-html-sitemap__link\">logstique<\/a> <span class=\"rank-math-html-sitemap__date\">(2025\u5e748\u670828\u65e5)<\/span><\/li><li class=\"rank-math-html-sitemap__item\"><a href=\"https:\/\/wolisourcing.com\/fr\/product\/\" class=\"rank-math-html-sitemap__link\">Produit<\/a> <span class=\"rank-math-html-sitemap__date\">(2025\u5e748\u670820\u65e5)<\/span><\/li><li class=\"rank-math-html-sitemap__item\"><a href=\"https:\/\/wolisourcing.com\/fr\/about-founder\/\" class=\"rank-math-html-sitemap__link\">\u00c0 propos du fondateur<\/a> <span class=\"rank-math-html-sitemap__date\">(2025\u5e748\u670820\u65e5)<\/span><\/li><li class=\"rank-math-html-sitemap__item\"><a href=\"https:\/\/wolisourcing.com\/fr\/payment-information\/\" class=\"rank-math-html-sitemap__link\">Informations sur le paiement<\/a> <span class=\"rank-math-html-sitemap__date\">(2025\u5e748\u670820\u65e5)<\/span><\/li><li class=\"rank-math-html-sitemap__item\"><a href=\"https:\/\/wolisourcing.com\/fr\/extra-service\/\" class=\"rank-math-html-sitemap__link\">Service suppl\u00e9mentaire<\/a> <span class=\"rank-math-html-sitemap__date\">(2025\u5e748\u670819\u65e5)<\/span><\/li><li class=\"rank-math-html-sitemap__item\"><a href=\"https:\/\/wolisourcing.com\/fr\/photos-designs\/\" class=\"rank-math-html-sitemap__link\">Photos et dessins<\/a> <span class=\"rank-math-html-sitemap__date\">(2025\u5e748\u670819\u65e5)<\/span><\/li><li class=\"rank-math-html-sitemap__item\"><a href=\"https:\/\/wolisourcing.com\/fr\/dropshipping-service\/\" class=\"rank-math-html-sitemap__link\">Service de Dropshipping<\/a> <span class=\"rank-math-html-sitemap__date\">(2025\u5e748\u670819\u65e5)<\/span><\/li><li class=\"rank-math-html-sitemap__item\"><a href=\"https:\/\/wolisourcing.com\/fr\/sourcing-services-providers\/\" class=\"rank-math-html-sitemap__link\">Sourcing &amp; Purchasing<\/a> <span class=\"rank-math-html-sitemap__date\">(2025\u5e748\u670819\u65e5)<\/span><\/li><li class=\"rank-math-html-sitemap__item\"><a href=\"https:\/\/wolisourcing.com\/fr\/contact\/\" class=\"rank-math-html-sitemap__link\">Contact<\/a> <span class=\"rank-math-html-sitemap__date\">(2025\u5e743\u670820\u65e5)<\/span><\/li><li class=\"rank-math-html-sitemap__item\"><a href=\"https:\/\/wolisourcing.com\/fr\/services\/\" class=\"rank-math-html-sitemap__link\">Services<\/a> <span class=\"rank-math-html-sitemap__date\">(2025\u5e743\u670820\u65e5)<\/span><\/li><li class=\"rank-math-html-sitemap__item\"><a href=\"https:\/\/wolisourcing.com\/fr\/about\/\" class=\"rank-math-html-sitemap__link\">A propos de<\/a> <span class=\"rank-math-html-sitemap__date\">(2025\u5e743\u670820\u65e5)<\/span><\/li><li class=\"rank-math-html-sitemap__item\"><a href=\"https:\/\/wolisourcing.com\/fr\/\" class=\"rank-math-html-sitemap__link\">Accueil<\/a> <span class=\"rank-math-html-sitemap__date\">(2025\u5e743\u670820\u65e5)<\/span><\/li><li class=\"rank-math-html-sitemap__item\"><a href=\"https:\/\/wolisourcing.com\/fr\/news\/\" class=\"rank-math-html-sitemap__link\">Actualit\u00e9s<\/a> <span class=\"rank-math-html-sitemap__date\">(2025\u5e743\u67084\u65e5)<\/span><\/li><\/ul><\/div><div class=\"rank-math-html-sitemap__section rank-math-html-sitemap__section--post-type rank-math-html-sitemap__section--ct_content_block\"><h2 class=\"rank-math-html-sitemap__title\">Blocs de contenu<\/h2><ul class=\"rank-math-html-sitemap__list\"><li class=\"rank-math-html-sitemap__item\"><a href=\"https:\/\/wolisourcing.com\/fr\/ct_content_block\/archives-hero-section\/\" class=\"rank-math-html-sitemap__link\">Archives - Hero Section<\/a> <span class=\"rank-math-html-sitemap__date\">(2025\u5e743\u670811\u65e5)<\/span><\/li><li class=\"rank-math-html-sitemap__item\"><a href=\"https:\/\/wolisourcing.com\/fr\/ct_content_block\/services-mega-menu\/\" class=\"rank-math-html-sitemap__link\">Services - Mega Menu<\/a> <span class=\"rank-math-html-sitemap__date\">(2025\u5e743\u670811\u65e5)<\/span><\/li><li class=\"rank-math-html-sitemap__item\"><a href=\"https:\/\/wolisourcing.com\/fr\/ct_content_block\/off-canvas-menu-content\/\" class=\"rank-math-html-sitemap__link\">Off-canvas Menu Content<\/a> <span class=\"rank-math-html-sitemap__date\">(2025\u5e743\u670810\u65e5)<\/span><\/li><li class=\"rank-math-html-sitemap__item\"><a href=\"https:\/\/wolisourcing.com\/fr\/ct_content_block\/footer\/\" class=\"rank-math-html-sitemap__link\">Footer<\/a> <span class=\"rank-math-html-sitemap__date\">(2025\u5e743\u67085\u65e5)<\/span><\/li><\/ul><\/div><div class=\"rank-math-html-sitemap__section rank-math-html-sitemap__section--taxonomy rank-math-html-sitemap__section--category\"><h2 class=\"rank-math-html-sitemap__title\">Cat\u00e9gories<\/h2><ul class=\"rank-math-html-sitemap__list\"><li class=\"rank-math-html-sitemap__item\"><a href=\"https:\/\/wolisourcing.com\/fr\/category\/1688-vs-alibaba\/\" class=\"rank-math-html-sitemap__link\">1688 vs alibaba<\/a><\/li><li class=\"rank-math-html-sitemap__item\"><a href=\"https:\/\/wolisourcing.com\/fr\/category\/import-from-china-guide\/\" class=\"rank-math-html-sitemap__link\">Guide des importations en provenance de Chine<\/a><\/li><\/ul><\/div><\/div>","protected":false},"excerpt":{"rendered":"","protected":false},"author":1,"featured_media":0,"parent":0,"menu_order":0,"comment_status":"closed","ping_status":"closed","template":"","meta":{"footnotes":""},"class_list":["post-2151","page","type-page","status-publish","hentry"],"blocksy_meta":[],"_links":{"self":[{"href":"https:\/\/wolisourcing.com\/fr\/wp-json\/wp\/v2\/pages\/2151","targetHints":{"allow":["GET"]}}],"collection":[{"href":"https:\/\/wolisourcing.com\/fr\/wp-json\/wp\/v2\/pages"}],"about":[{"href":"https:\/\/wolisourcing.com\/fr\/wp-json\/wp\/v2\/types\/page"}],"author":[{"embeddable":true,"href":"https:\/\/wolisourcing.com\/fr\/wp-json\/wp\/v2\/users\/1"}],"replies":[{"embeddable":true,"href":"https:\/\/wolisourcing.com\/fr\/wp-json\/wp\/v2\/comments?post=2151"}],"version-history":[{"count":2,"href":"https:\/\/wolisourcing.com\/fr\/wp-json\/wp\/v2\/pages\/2151\/revisions"}],"predecessor-version":[{"id":2154,"href":"https:\/\/wolisourcing.com\/fr\/wp-json\/wp\/v2\/pages\/2151\/revisions\/2154"}],"wp:attachment":[{"href":"https:\/\/wolisourcing.com\/fr\/wp-json\/wp\/v2\/media?parent=2151"}],"curies":[{"name":"wp","href":"https:\/\/api.w.org\/{rel}","templated":true}]}}